{"id":45,"date":"2013-11-06T07:23:45","date_gmt":"2013-11-06T07:23:45","guid":{"rendered":"http:\/\/www.alumni-augsburg.de\/?page_id=45"},"modified":"2018-09-11T13:20:15","modified_gmt":"2018-09-11T13:20:15","slug":"unsere-mitglieder","status":"publish","type":"page","link":"https:\/\/www.alumni-augsburg.de\/?page_id=45","title":{"rendered":"Unsere Mitglieder"},"content":{"rendered":"<p>Wer in diese Liste aufgenommen werden will, meldet sich bitte unter <a href=\"mailto:rwittmann@seitz-partner.de\">rwittmann@seitz-partner.de<\/a>.<\/p>\n<ul>\n<li>Andreas Albrecht, <small>Notar<\/small><\/li>\n<li>Joachim Albrecht, <small>Rechtsanwalt<\/small><\/li>\n<li>Rechtsanwalt Dr. Hans-Peter Philipp Anlauf, <small>Mediengruppe Pressedruck<\/small><\/li>\n<li>Prof. Dr. Frank Arloth, <small>Ministerialdirigent<\/small><\/li>\n<li>Klaus D. Bader, <small>Rechtsanwalt, Steuerberater<\/small><\/li>\n<li>Prof. Dr. Christoph Becker, <small>Professor<\/small><\/li>\n<li>Dr. Josef Berchtold, <small>Vorsitzender Richter am Bundessozialgericht, Bundessozialgericht Kassel<\/small><\/li>\n<li>Hans-Peter Bernhard, <small>Rechtsanwalt\/Fachanwalt f\u00fcr Bau-und Architektenrecht, Fachanwalt f\u00fcr Sozialrecht &#8211; Seitz Weckbach Fackler<\/small><\/li>\n<li>Dr. iur. Nikolaus Birkl , <small>Rechtsanwalt \/ Fachanwalt f\u00fcr Verwaltungsrecht<\/small><\/li>\n<li>Prof. Dr. Herbert Buchner, <small>Lehrstuhl f\u00fcr B\u00fcrgerliches Recht, Handels-, Arbeits- und Wirtschaftsrecht<\/small><\/li>\n<li>Dr. Wolfgang B\u00fcchner, <small>Rechtsanwalt<\/small><\/li>\n<li>Prof. Dr. Detlef Czybulka, <small>Lehrstuhl f\u00fcr Staats- und Verwaltungsrecht, Umweltrecht und \u00d6ffentliches Wirtschaftsrecht<\/small><\/li>\n<li>Florian Dorow, <small>Syndikusanwalt<\/small><\/li>\n<li>Dr. Gregor Evenkamp, <small>Rechtsanwalt &#8211; CLIFFORD CHANCE<\/small><\/li>\n<li>Dr. Christian Fackler, <small>Rechtsanwalt &#8211; Seitz Weckbach Fackler<\/small><\/li>\n<li>Prof. Dr. Ulrich M. Gassner, <small>Professor<\/small><\/li>\n<li>Michael Hill, <small>Rechtsassessor \/ Unternehmensjurist &#8211; E.ON Kernkraft GmbH<\/small><\/li>\n<li>Dr. Klaus D. H\u00f6fner, <small>Rechtsanwalt, Steuerberater<\/small><\/li>\n<li>Tobias Humpf, <small>Rechtsanwalt<\/small><\/li>\n<li>Prof. Dr. Wolfgang Jakob, <small>Professor<\/small><\/li>\n<li>Prof. Dr. Hans-Ulrich Jerschke , <small>Notar<\/small><\/li>\n<li>Dr. Thorsten Junker , <small>Rechtsanwalt<\/small><\/li>\n<li>Dr. Andreas Katzer, <small>Rechtsanwalt<\/small><\/li>\n<li>Dr. Christoph Knapp, <small>Rechtsanwalt &#8211; Kanzlei Seitz Weckbach Fackler<\/small><\/li>\n<li>Barbara K\u00fchn, <small>Rechtsanw\u00e4ltin\/Fachanw\u00e4ltin f\u00fcr Arbeitsrecht &#8211; Seitz Weckbach Fackler<\/small><\/li>\n<li>Michael Langhans, <small>Rechtsanwalt \u2013 Dr. Schnitzer Rechtsanwalts GmbH<\/small><\/li>\n<li>Dr. Alexius Leuchten, <small>Rechtsanwalt<\/small><\/li>\n<li>Dr. Klaus Leuthe , <small>Rechtsanwalt, Fachanwalt f\u00fcr Steuerrecht<\/small><\/li>\n<li>Irina Lindenberg-Lange, <small>Rechtsanw\u00e4ltin\/Fachanw\u00e4ltin f\u00fcr Verwaltungsrecht &#8211; Seitz Weckbach Fackler<\/small><\/li>\n<li>Stefan L\u00f6wl, LL.M., <small>Beamter<\/small><\/li>\n<li>RA Christian Nielsen, <small>RA Christian Nielsen M.B.L.-HSG (St. Gallen)<\/small><\/li>\n<li>Lars Oldag LL.M., <small>Richter am Verwaltungsgerichtshof<\/small><\/li>\n<li>Dr. Richard Pouyadou, <small>Rechtsanwalt, Fachanwalt f\u00fcr Arbeitsrecht<\/small><\/li>\n<li>Prof. Dr. Thomas Raab, <small>Professor<\/small><\/li>\n<li>Dr. iur. Benjamin Riedel, <small>Rechtsanwalt \/ Fachanwalt f\u00fcr Miet- und Wohnungseigentumsrecht<\/small><\/li>\n<li>Anne Riethm\u00fcller, <small>Rechtsanw\u00e4ltin, Fachanw\u00e4ltin f\u00fcr Familienrecht und f\u00fcr Erbrecht<\/small><\/li>\n<li>Dr. Detlef Rilling , <small>Gutachter f\u00fcr Betriebliche Altersversorgung<\/small><\/li>\n<li>Dr. Gerhard Rombach, <small>Gesch\u00e4ftsf\u00fchrer S\u00fcddeutsche Klassenlotterie (SKL)<\/small><\/li>\n<li>Dr. Bernd Scharinger, <small>Kanzlei G. Willi, M. Janocha GbR<\/small><\/li>\n<li>Dr. Christian C. Schmitt , <small>Rechtsanwalt<\/small><\/li>\n<li>Thomas Schmitt, <small>Rechtsanwalt \/ Fachanwalt f\u00fcr Bau- und Architektenrecht und Schlichter nach SOBau \/ Fachanwalt f\u00fcr Arbeitsrecht<\/small><\/li>\n<li>Ralf Sch\u00f6nauer, <small>Rechtsanwalt, Fachanwalt f\u00fcr Strafrecht<\/small><\/li>\n<li>Daniela Seifert, <small>Richterin (Zivilrecht) AG Waiblingen<\/small><\/li>\n<li>Dr. Theodor Seitz, LL.M., <small>Rechtsanwalt\/Steuerberater &#8211; Seitz Weckbach Fackler<\/small><\/li>\n<li>Stephan Stracke, <small>Regierungsrat z.A.<\/small><\/li>\n<li>Dr. J\u00f6rg Streissle , <small>Syndicus bei MERCK FINCK &amp; CO, Privatbankiers, M\u00fcnchen<\/small><\/li>\n<li>Dr. Benjamin Webel, <small>Richter am Amtsgericht Ulm (Insolvenz- und Zivilrichter)<\/small><\/li>\n<li>Dr. Klaus Weber, <small>Prokurist Verlag C.H. Beck\/Rechtsanwalt Seitz Weckbach Fackler<\/small><\/li>\n<li>Dr. Thomas Weckbach, <small>Rechtsanwalt\/Fachanwalt f\u00fcr Arbeitsrecht &#8211; Seitz Weckbach Fackler<\/small><\/li>\n<li>Dr. Thomas Wenninger, <small>Rechtsanwalt, Attorney-at-Law (N.Y.)<\/small><\/li>\n<li><a title=\"Dr. Rudolf Wittmann\" href=\"http:\/\/www.alumni-augsburg.de\/?page_id=68\">Dr. Rudolf Wittmann<\/a>, <small>Rechtsanwalt\/Fachanwalt f\u00fcr Steuerrecht &#8211; Seitz Weckbach Fackler<\/small><\/li>\n<li>Dr. Oliver Zugmaier, <small>Gesch\u00e4ftsf\u00fchrer, Rechtsanwalt, Fachanwalt f\u00fcr Steuerrecht<\/small><\/li>\n<\/ul>\n","protected":false},"excerpt":{"rendered":"<p>Wer in diese Liste aufgenommen werden will, meldet sich bitte unter rwittmann@seitz-partner.de. Andreas Albrecht, Notar Joachim Albrecht, Rechtsanwalt Rechtsanwalt Dr. Hans-Peter Philipp Anlauf, Mediengruppe Pressedruck Prof. Dr. Frank Arloth, Ministerialdirigent Klaus D. Bader, Rechtsanwalt, Steuerberater Prof. Dr. Christoph Becker, Professor Dr. Josef Berchtold, Vorsitzender Richter am Bundessozialgericht, Bundessozialgericht Kassel Hans-Peter Bernhard, Rechtsanwalt\/Fachanwalt f\u00fcr Bau-und Architektenrecht, [&hellip;]<\/p>\n","protected":false},"author":1,"featured_media":0,"parent":0,"menu_order":0,"comment_status":"closed","ping_status":"closed","template":"","meta":{"footnotes":""},"class_list":["post-45","page","type-page","status-publish","format-standard","hentry"],"_links":{"self":[{"href":"https:\/\/www.alumni-augsburg.de\/index.php?rest_route=\/wp\/v2\/pages\/45","targetHints":{"allow":["GET"]}}],"collection":[{"href":"https:\/\/www.alumni-augsburg.de\/index.php?rest_route=\/wp\/v2\/pages"}],"about":[{"href":"https:\/\/www.alumni-augsburg.de\/index.php?rest_route=\/wp\/v2\/types\/page"}],"author":[{"embeddable":true,"href":"https:\/\/www.alumni-augsburg.de\/index.php?rest_route=\/wp\/v2\/users\/1"}],"replies":[{"embeddable":true,"href":"https:\/\/www.alumni-augsburg.de\/index.php?rest_route=%2Fwp%2Fv2%2Fcomments&post=45"}],"version-history":[{"count":15,"href":"https:\/\/www.alumni-augsburg.de\/index.php?rest_route=\/wp\/v2\/pages\/45\/revisions"}],"predecessor-version":[{"id":268,"href":"https:\/\/www.alumni-augsburg.de\/index.php?rest_route=\/wp\/v2\/pages\/45\/revisions\/268"}],"wp:attachment":[{"href":"https:\/\/www.alumni-augsburg.de\/index.php?rest_route=%2Fwp%2Fv2%2Fmedia&parent=45"}],"curies":[{"name":"wp","href":"https:\/\/api.w.org\/{rel}","templated":true}]}}