{"id":24,"date":"2013-11-06T05:37:47","date_gmt":"2013-11-06T05:37:47","guid":{"rendered":"http:\/\/www.alumni-augsburg.de\/?page_id=24"},"modified":"2017-03-21T08:10:19","modified_gmt":"2017-03-21T08:10:19","slug":"weiterbildung","status":"publish","type":"page","link":"https:\/\/www.alumni-augsburg.de\/?page_id=24","title":{"rendered":"Weiterbildungsangebote der Juristischen Fakult\u00e4t"},"content":{"rendered":"<p>Die Juristische Fakult\u00e4t der Universit\u00e4t Augsburg bietet nach dem Staatsexamen verschiedene M\u00f6glichkeiten der Weiterbildung oder Zusatzqualifikation an:<\/p>\n<blockquote>\n<ul>\n<li><a title=\"ERASMUS-Programm der Juristischen Fakult\u00e4t\" href=\"http:\/\/www.jura.uni-augsburg.de\/international\/erasmus\/\" target=\"_blank\">ERASMUS-Programm der Juristischen Fakult\u00e4t<\/a><\/li>\n<li><a title=\"Studium in den USA &#038; Australien\" href=\"http:\/\/www.jura.uni-augsburg.de\/international\/usa_studium\/\" target=\"_blank\">Studium in den USA &#038; Australien<\/a><\/li>\n<li><a title=\"Augsburg Summer Program\" href=\"http:\/\/www.jura.uni-augsburg.de\/international\/summer_program\/\" target=\"_blank\">Augsburg Summer Program<\/a><\/li>\n<\/ul>\n<ul>\n<li><a title=\"Augsburger Examinatorium zur Examensvorbereitung\" href=\"http:\/\/www.jura.uni-augsburg.de\/lehre\/jura_klassisch\/20131001_studienablauf\/examinatorium\/\" target=\"_blank\">Augsburger Examinatorium zur Examensvorbereitung<\/a><\/li>\n<\/ul>\n<ul>\n<li><a title=\"Magisterstudiengang f\u00fcr im Ausland Graduierte (LL.M.)\" href=\"http:\/\/www.jura.uni-augsburg.de\/international\/llm_ausland\/\" target=\"_blank\">LL.M. f\u00fcr im Ausland Graduierte<\/a><\/li>\n<li><a title=\"Aufbaustudium Recht der Internationalen Wirtschaft (LL.M.)\" href=\"http:\/\/www.jura.uni-augsburg.de\/international\/llm_deutsch\/\" target=\"_blank\">Aufbaustudiengang Recht der internationalen Wirtschaft (LL.M.)<\/a><\/li>\n<li><a href=\"http:\/\/www.miplc.de\/\" target=\"_blank\">Munich Intellectual Property Law Center<\/a><\/li>\n<\/ul>\n<\/blockquote>\n","protected":false},"excerpt":{"rendered":"<p>Die Juristische Fakult\u00e4t der Universit\u00e4t Augsburg bietet nach dem Staatsexamen verschiedene M\u00f6glichkeiten der Weiterbildung oder Zusatzqualifikation an: ERASMUS-Programm der Juristischen Fakult\u00e4t Studium in den USA &#038; Australien Augsburg Summer Program Augsburger Examinatorium zur Examensvorbereitung LL.M. f\u00fcr im Ausland Graduierte Aufbaustudiengang Recht der internationalen Wirtschaft (LL.M.) Munich Intellectual Property Law Center<\/p>\n","protected":false},"author":1,"featured_media":0,"parent":0,"menu_order":0,"comment_status":"open","ping_status":"open","template":"","meta":{"footnotes":""},"class_list":["post-24","page","type-page","status-publish","format-standard","hentry"],"_links":{"self":[{"href":"https:\/\/www.alumni-augsburg.de\/index.php?rest_route=\/wp\/v2\/pages\/24","targetHints":{"allow":["GET"]}}],"collection":[{"href":"https:\/\/www.alumni-augsburg.de\/index.php?rest_route=\/wp\/v2\/pages"}],"about":[{"href":"https:\/\/www.alumni-augsburg.de\/index.php?rest_route=\/wp\/v2\/types\/page"}],"author":[{"embeddable":true,"href":"https:\/\/www.alumni-augsburg.de\/index.php?rest_route=\/wp\/v2\/users\/1"}],"replies":[{"embeddable":true,"href":"https:\/\/www.alumni-augsburg.de\/index.php?rest_route=%2Fwp%2Fv2%2Fcomments&post=24"}],"version-history":[{"count":10,"href":"https:\/\/www.alumni-augsburg.de\/index.php?rest_route=\/wp\/v2\/pages\/24\/revisions"}],"predecessor-version":[{"id":264,"href":"https:\/\/www.alumni-augsburg.de\/index.php?rest_route=\/wp\/v2\/pages\/24\/revisions\/264"}],"wp:attachment":[{"href":"https:\/\/www.alumni-augsburg.de\/index.php?rest_route=%2Fwp%2Fv2%2Fmedia&parent=24"}],"curies":[{"name":"wp","href":"https:\/\/api.w.org\/{rel}","templated":true}]}}