{"id":20,"date":"2013-11-06T05:36:53","date_gmt":"2013-11-06T05:36:53","guid":{"rendered":"http:\/\/www.alumni-augsburg.de\/?page_id=20"},"modified":"2013-11-06T07:25:56","modified_gmt":"2013-11-06T07:25:56","slug":"wer-kann-mitglied-werden","status":"publish","type":"page","link":"https:\/\/www.alumni-augsburg.de\/?page_id=20","title":{"rendered":"Wer kann Mitglied werden?"},"content":{"rendered":"<p>Alle &#8222;Alumni&#8220; der Fakult\u00e4t (alumnus, -i, m., lat. = Z\u00f6gling, Sch\u00fcler) sind herzlich eingeladen, Mitglied der Alumni-Vereinigung zu werden.Alumni sind alle,<\/p>\n<ul>\n<li>die an der Juristischen Fakult\u00e4t der Universit\u00e4t Augsburg studiert haben und in Augsburg oder an einem anderen Ort ein Abschlussexamen gemacht haben,<\/li>\n<li>die an der Juristischen Fakult\u00e4t der Universit\u00e4t Augsburg promoviert oder habilitiert worden sind<\/li>\n<li>die an der Juristischen Fakult\u00e4t der Universit\u00e4t Augsburg als Mitarbeiter oder Professoren t\u00e4tig waren oder sind.<\/li>\n<\/ul>\n<p>Der Mitgliedsbeitrag betr\u00e4gt derzeit 25,00 EUR im Kalenderjahr.<\/p>\n<blockquote><p>Die Beitragspflicht entf\u00e4llt bei entsprechendem Nachweis in den ersten drei Jahren nach Ablegung der Ersten Juristischen Staatspr\u00fcfung bzw. der Diplompr\u00fcfung (Dipl. -Wirtschaftjuristen).<\/p><\/blockquote>\n","protected":false},"excerpt":{"rendered":"<p>Alle &#8222;Alumni&#8220; der Fakult\u00e4t (alumnus, -i, m., lat. = Z\u00f6gling, Sch\u00fcler) sind herzlich eingeladen, Mitglied der Alumni-Vereinigung zu werden.Alumni sind alle, die an der Juristischen Fakult\u00e4t der Universit\u00e4t Augsburg studiert haben und in Augsburg oder an einem anderen Ort ein Abschlussexamen gemacht haben, die an der Juristischen Fakult\u00e4t der Universit\u00e4t Augsburg promoviert oder habilitiert worden [&hellip;]<\/p>\n","protected":false},"author":1,"featured_media":0,"parent":45,"menu_order":5,"comment_status":"open","ping_status":"open","template":"","meta":{"footnotes":""},"class_list":["post-20","page","type-page","status-publish","format-standard","hentry"],"_links":{"self":[{"href":"https:\/\/www.alumni-augsburg.de\/index.php?rest_route=\/wp\/v2\/pages\/20","targetHints":{"allow":["GET"]}}],"collection":[{"href":"https:\/\/www.alumni-augsburg.de\/index.php?rest_route=\/wp\/v2\/pages"}],"about":[{"href":"https:\/\/www.alumni-augsburg.de\/index.php?rest_route=\/wp\/v2\/types\/page"}],"author":[{"embeddable":true,"href":"https:\/\/www.alumni-augsburg.de\/index.php?rest_route=\/wp\/v2\/users\/1"}],"replies":[{"embeddable":true,"href":"https:\/\/www.alumni-augsburg.de\/index.php?rest_route=%2Fwp%2Fv2%2Fcomments&post=20"}],"version-history":[{"count":4,"href":"https:\/\/www.alumni-augsburg.de\/index.php?rest_route=\/wp\/v2\/pages\/20\/revisions"}],"predecessor-version":[{"id":178,"href":"https:\/\/www.alumni-augsburg.de\/index.php?rest_route=\/wp\/v2\/pages\/20\/revisions\/178"}],"up":[{"embeddable":true,"href":"https:\/\/www.alumni-augsburg.de\/index.php?rest_route=\/wp\/v2\/pages\/45"}],"wp:attachment":[{"href":"https:\/\/www.alumni-augsburg.de\/index.php?rest_route=%2Fwp%2Fv2%2Fmedia&parent=20"}],"curies":[{"name":"wp","href":"https:\/\/api.w.org\/{rel}","templated":true}]}}