{"id":2,"date":"2015-03-15T20:51:28","date_gmt":"2015-03-15T20:51:28","guid":{"rendered":"http:\/\/localhost:8080\/wordpress-3.6.1\/wordpress\/?page_id=2"},"modified":"2017-03-21T07:26:28","modified_gmt":"2017-03-21T07:26:28","slug":"sample-page","status":"publish","type":"page","link":"https:\/\/www.alumni-augsburg.de\/?page_id=2","title":{"rendered":"Geschichte"},"content":{"rendered":"<p>Die Alumni-Vereinigung der Juristischen Fakult\u00e4t der Universit\u00e4t Augsburg e.V.\u201c wurde im Jahr 2001 anl\u00e4sslich des 30-j\u00e4hrigen Jubil\u00e4ums der Juristischen Fakult\u00e4t der Universit\u00e4t Augsburg als gemeinn\u00fctziger Verein gegr\u00fcndet.<\/p>\n","protected":false},"excerpt":{"rendered":"<p>Die Alumni-Vereinigung der Juristischen Fakult\u00e4t der Universit\u00e4t Augsburg e.V.\u201c wurde im Jahr 2001 anl\u00e4sslich des 30-j\u00e4hrigen Jubil\u00e4ums der Juristischen Fakult\u00e4t der Universit\u00e4t Augsburg als gemeinn\u00fctziger Verein gegr\u00fcndet.<\/p>\n","protected":false},"author":1,"featured_media":0,"parent":0,"menu_order":0,"comment_status":"closed","ping_status":"closed","template":"","meta":{"footnotes":""},"class_list":["post-2","page","type-page","status-publish","format-standard","hentry"],"_links":{"self":[{"href":"https:\/\/www.alumni-augsburg.de\/index.php?rest_route=\/wp\/v2\/pages\/2","targetHints":{"allow":["GET"]}}],"collection":[{"href":"https:\/\/www.alumni-augsburg.de\/index.php?rest_route=\/wp\/v2\/pages"}],"about":[{"href":"https:\/\/www.alumni-augsburg.de\/index.php?rest_route=\/wp\/v2\/types\/page"}],"author":[{"embeddable":true,"href":"https:\/\/www.alumni-augsburg.de\/index.php?rest_route=\/wp\/v2\/users\/1"}],"replies":[{"embeddable":true,"href":"https:\/\/www.alumni-augsburg.de\/index.php?rest_route=%2Fwp%2Fv2%2Fcomments&post=2"}],"version-history":[{"count":8,"href":"https:\/\/www.alumni-augsburg.de\/index.php?rest_route=\/wp\/v2\/pages\/2\/revisions"}],"predecessor-version":[{"id":233,"href":"https:\/\/www.alumni-augsburg.de\/index.php?rest_route=\/wp\/v2\/pages\/2\/revisions\/233"}],"wp:attachment":[{"href":"https:\/\/www.alumni-augsburg.de\/index.php?rest_route=%2Fwp%2Fv2%2Fmedia&parent=2"}],"curies":[{"name":"wp","href":"https:\/\/api.w.org\/{rel}","templated":true}]}}