{"id":18,"date":"2015-03-15T21:53:10","date_gmt":"2015-03-15T21:53:10","guid":{"rendered":"http:\/\/www.alumni-augsburg.de\/?page_id=18"},"modified":"2017-03-21T07:28:14","modified_gmt":"2017-03-21T07:28:14","slug":"ziele-der-alumni-vereinigung","status":"publish","type":"page","link":"https:\/\/www.alumni-augsburg.de\/?page_id=18","title":{"rendered":"Br\u00fccke zwischen Theorie und Praxis"},"content":{"rendered":"<p>Mit dem Ersten Juristischen Staatsexamen geht f\u00fcr viele Absolventen der Kontakt zur Universit\u00e4t verloren. Die Alumni-Vereinigung hat das Ziel, f\u00fcr die Praxis die Verbindung zur Wissenschaft und f\u00fcr die Wissenschaft die Verbindung zur Praxis zu sein. Beide Bereiche haben jeder f\u00fcr sich ihre eigene Existenzberechtigung und (Selbst-) Wahrnehmung. Von diesem spannenden Wechselspiel sollen beide profitieren. Das hierf\u00fcr erforderliche Kommunikationsnetzwerk bildet die Alumni-Vereinigung der Juristischen Fakult\u00e4t der Universit\u00e4t Augsburg e.V. <\/p>\n<p>Wir bieten das Forum, um die Verbindung zwischen den ehemaligen Studierenden, den Doktores und Habilitierten, den ehemaligen Mitarbeitern sowie Mitgliedern der Fakult\u00e4t zu erhalten und wiederherzustellen.<\/p>\n<blockquote><p>Die Vereinigung f\u00f6rdert immateriell und materiell die Arbeit der Fakult\u00e4t.<\/p><\/blockquote>\n","protected":false},"excerpt":{"rendered":"<p>Mit dem Ersten Juristischen Staatsexamen geht f\u00fcr viele Absolventen der Kontakt zur Universit\u00e4t verloren. Die Alumni-Vereinigung hat das Ziel, f\u00fcr die Praxis die Verbindung zur Wissenschaft und f\u00fcr die Wissenschaft die Verbindung zur Praxis zu sein. Beide Bereiche haben jeder f\u00fcr sich ihre eigene Existenzberechtigung und (Selbst-) Wahrnehmung. Von diesem spannenden Wechselspiel sollen beide profitieren. [&hellip;]<\/p>\n","protected":false},"author":1,"featured_media":0,"parent":0,"menu_order":0,"comment_status":"open","ping_status":"open","template":"","meta":{"footnotes":""},"class_list":["post-18","page","type-page","status-publish","format-standard","hentry"],"_links":{"self":[{"href":"https:\/\/www.alumni-augsburg.de\/index.php?rest_route=\/wp\/v2\/pages\/18","targetHints":{"allow":["GET"]}}],"collection":[{"href":"https:\/\/www.alumni-augsburg.de\/index.php?rest_route=\/wp\/v2\/pages"}],"about":[{"href":"https:\/\/www.alumni-augsburg.de\/index.php?rest_route=\/wp\/v2\/types\/page"}],"author":[{"embeddable":true,"href":"https:\/\/www.alumni-augsburg.de\/index.php?rest_route=\/wp\/v2\/users\/1"}],"replies":[{"embeddable":true,"href":"https:\/\/www.alumni-augsburg.de\/index.php?rest_route=%2Fwp%2Fv2%2Fcomments&post=18"}],"version-history":[{"count":7,"href":"https:\/\/www.alumni-augsburg.de\/index.php?rest_route=\/wp\/v2\/pages\/18\/revisions"}],"predecessor-version":[{"id":235,"href":"https:\/\/www.alumni-augsburg.de\/index.php?rest_route=\/wp\/v2\/pages\/18\/revisions\/235"}],"wp:attachment":[{"href":"https:\/\/www.alumni-augsburg.de\/index.php?rest_route=%2Fwp%2Fv2%2Fmedia&parent=18"}],"curies":[{"name":"wp","href":"https:\/\/api.w.org\/{rel}","templated":true}]}}