{"id":156,"date":"2014-12-16T17:21:37","date_gmt":"2014-12-16T17:21:37","guid":{"rendered":"http:\/\/www.alumni-augsburg.de\/?page_id=156"},"modified":"2017-03-21T07:31:26","modified_gmt":"2017-03-21T07:31:26","slug":"rednerwettstreit","status":"publish","type":"page","link":"https:\/\/www.alumni-augsburg.de\/?page_id=156","title":{"rendered":"Rednerwettstreit"},"content":{"rendered":"<p>Die Alumni-Vereinigung der Juristischen Fakult\u00e4t der Universit\u00e4t Augsburg e.V. veranstaltet traditionell einen Rednerwettstreit f\u00fcr die Studierenden der Fakult\u00e4t. Wir wollen damit die F\u00e4higkeit f\u00f6rdern, in der Theorie gelerntes Wissen gekonnt in der Praxis zum Einsatz zu bringen. Sprache soll nicht nur in Schrift, sondern auch im Wort beherrscht werden.<\/p>\n<p>Bei jedem Wettstreit treten 5-9 Teilnehmer vor Publikum gegeneinander an. Es werden drei Preise im Wert von 500, 300 und 200 EUR vergeben. Zus\u00e4tzlich \u00fcbernimmt die Alumni-Vereinigung vor dem spannenden Wettkampftag die Kosten f\u00fcr ein professionelles Rhetoriktraining der Kandidaten, um den pers\u00f6nlichen Gewinn und die Erfahrung f\u00fcr jeden Teilnehmer, der sich dieser Herausforderung stellt, nochmals zu erh\u00f6hen. <\/p>\n<p>Die Kandidaten erhalten die Gelegenheit, ihre ca. 10 min\u00fctigen Wortbeitr\u00e4ge zu einem vorgegebenen oder einem selbst gew\u00e4hlten Thema vor einer vierk\u00f6pfigen Jury sowie einem \u00f6ffentlichen Publikum zu pr\u00e4sentieren.  <\/p>\n<p>Wir hatten die gro\u00dfe Ehre und Freude, jeweils ein prominentes Mitglied aus der Justiz oder dem \u00f6ffentlichen Leben aus Augsburg f\u00fcr die Jury zu gewinnen. <\/p>\n<p>So votierte im ersten Rednerwettstreit die damalige Justizministerin von Bayern, Dr. Beate Merk in der Jury, gefolgt von Juliane Votteler, Intendantin des Stadttheaters Augsburg, dem Moderator der Morningshow bei Radio Fantasy, Alexander Woldrich, dem Landgerichtspr\u00e4sidenten Dr. Herbert Veh sowie dem Leitenden Oberstaatsanwalt, Rolf Werlitz.<\/p>\n<p>Bei jedem Rednerwettstreit wird ein abwechslungsreiches, spannendes und \u00e4u\u00dferst kurzweiliges Programm geboten, in welchem der geneigte Zuschauer die vollst\u00e4ndige Bandbreite an verbalen Darstellungsm\u00f6glichkeiten verschiedener Themen und \u00dcberzeugungen geboten bekommt. <\/p>\n<blockquote><p>Pr\u00e4dikat: sehr sehenswert!!!<\/p><\/blockquote>\n","protected":false},"excerpt":{"rendered":"<p>Die Alumni-Vereinigung der Juristischen Fakult\u00e4t der Universit\u00e4t Augsburg e.V. veranstaltet traditionell einen Rednerwettstreit f\u00fcr die Studierenden der Fakult\u00e4t. Wir wollen damit die F\u00e4higkeit f\u00f6rdern, in der Theorie gelerntes Wissen gekonnt in der Praxis zum Einsatz zu bringen. Sprache soll nicht nur in Schrift, sondern auch im Wort beherrscht werden. Bei jedem Wettstreit treten 5-9 Teilnehmer [&hellip;]<\/p>\n","protected":false},"author":1,"featured_media":0,"parent":0,"menu_order":0,"comment_status":"closed","ping_status":"closed","template":"","meta":{"footnotes":""},"class_list":["post-156","page","type-page","status-publish","format-standard","hentry"],"_links":{"self":[{"href":"https:\/\/www.alumni-augsburg.de\/index.php?rest_route=\/wp\/v2\/pages\/156","targetHints":{"allow":["GET"]}}],"collection":[{"href":"https:\/\/www.alumni-augsburg.de\/index.php?rest_route=\/wp\/v2\/pages"}],"about":[{"href":"https:\/\/www.alumni-augsburg.de\/index.php?rest_route=\/wp\/v2\/types\/page"}],"author":[{"embeddable":true,"href":"https:\/\/www.alumni-augsburg.de\/index.php?rest_route=\/wp\/v2\/users\/1"}],"replies":[{"embeddable":true,"href":"https:\/\/www.alumni-augsburg.de\/index.php?rest_route=%2Fwp%2Fv2%2Fcomments&post=156"}],"version-history":[{"count":4,"href":"https:\/\/www.alumni-augsburg.de\/index.php?rest_route=\/wp\/v2\/pages\/156\/revisions"}],"predecessor-version":[{"id":239,"href":"https:\/\/www.alumni-augsburg.de\/index.php?rest_route=\/wp\/v2\/pages\/156\/revisions\/239"}],"wp:attachment":[{"href":"https:\/\/www.alumni-augsburg.de\/index.php?rest_route=%2Fwp%2Fv2%2Fmedia&parent=156"}],"curies":[{"name":"wp","href":"https:\/\/api.w.org\/{rel}","templated":true}]}}